{"id":501,"date":"2024-02-06T16:48:08","date_gmt":"2024-02-06T15:48:08","guid":{"rendered":"https:\/\/ceofrance-international.org\/?page_id=501"},"modified":"2025-11-04T05:43:18","modified_gmt":"2025-11-04T04:43:18","slug":"news-2","status":"publish","type":"page","link":"https:\/\/ceofrance-international.org\/index.php\/news-2\/","title":{"rendered":"News"},"content":{"rendered":"\n<p>04-11-2025: Ajout de l&rsquo;article \u00ab\u00a0COMMENT ENTRER EN CONTACT AVEC LES EXTRATERRESTRES\u00a0\u00bb \u00c0 la page \u00ab\u00a0Divers\u00a0\u00bb<\/p>\n\n\n\n<p>11-04-2025: Ajout du bulletin n\u00b04 \u00e0 la page: Documentations<\/p>\n\n\n\n<p>21-02-2025: Ajout de quelques ouvrages \u00e0 la rubrique Genevi\u00e8ve Vanquelef de la page Documentations<\/p>\n\n\n\n<p>16-10-2024: Ajout de la page \u00ab\u00a0Divers\u00a0\u00bb<\/p>\n\n\n\n<p>29-09-2024: Ajout du bulletin n\u00b03 \u00e0 la page: Documentations<\/p>\n\n\n\n<p>17-08-2024: Ajout de l&rsquo;affiche pour la prochaine conf\u00e9rence, Page: Prochaine conf\u00e9rence<\/p>\n\n\n\n<p>19-06-2024: Ajout du bulletin n\u00b02 \u00e0 la page: Documentations<\/p>\n\n\n\n<p>10-05-2024: Ajout de l&rsquo;article: Dans quel camp \u00eates vous ? Page Articles<\/p>\n\n\n\n<p>01-05-2024: Ajout de la photo du camion avec le sigle Ummo. Page Articles<\/p>\n\n\n\n<p>28-04-2024: Ajout de la photo de Anna Poles sur le lac Titicaca. Page Articles<\/p>\n\n\n\n<p>13-03-2024:  Ajout de quelques ouvrages \u00e0 la rubrique Genevi\u00e8ve Vanquelef de la page Documentations<\/p>\n\n\n\n<p>10-03-2024:  Ajout de la section \u00ab\u00a0Anciens bulletins\u00a0\u00bb \u00e0 la page: Documentations et d&rsquo;une vid\u00e9o \u00e0 la page: En savoir plus<\/p>\n\n\n\n<p>06-03-2024:  Modification de la page d\u2019Accueil<\/p>\n\n\n\n<p>26-02-2024:  Le site internet est plac\u00e9 sous license Creative Commons CC-BY<\/p>\n\n\n\n<p>20-02-2024:  Ajout de la page: Genevi\u00e8ve VANQUELEF dans \u00ab\u00a0Documentations\u00a0\u00bb.<\/p>\n\n\n\n<p>09-02-2024:  Dites nous ce qu&rsquo;il vous plairait de voir sur le site, dite nous vos suggestions: <\/p>\n\n\n\n<p>07-02-2024:  Ajout de la phrase de Paracelse \u00e0 la page \u00ab\u00a0Articles\u00a0\u00bb<\/p>\n\n\n\n<p>06-02-2024:  Ajout de la page Documentations\/Bulletin en libre consultation<\/p>\n\n\n\n<p>02-02-2024:  Ajout de la page Documentations et Documentations\/IMSA<\/p>\n","protected":false},"excerpt":{"rendered":"<p>04-11-2025: Ajout de l&rsquo;article \u00ab\u00a0COMMENT ENTRER EN CONTACT AVEC LES EXTRATERRESTRES\u00a0\u00bb \u00c0 la page \u00ab\u00a0Divers\u00a0\u00bb 11-04-2025: Ajout du bulletin n\u00b04 \u00e0 la page: Documentations 21-02-2025: Ajout de quelques ouvrages \u00e0 la rubrique Genevi\u00e8ve Vanquelef de la page Documentations 16-10-2024: Ajout de la page \u00ab\u00a0Divers\u00a0\u00bb 29-09-2024: Ajout du bulletin n\u00b03 \u00e0 la page: Documentations 17-08-2024: Ajout [&hellip;]<\/p>\n","protected":false},"author":1,"featured_media":0,"parent":0,"menu_order":0,"comment_status":"closed","ping_status":"closed","template":"","meta":{"footnotes":""},"class_list":["post-501","page","type-page","status-publish","hentry"],"yoast_head":"<!-- This site is optimized with the Yoast SEO plugin v27.5 - https:\/\/yoast.com\/product\/yoast-seo-wordpress\/ -->\n<title>News - ceofrance-international.org<\/title>\n<meta name=\"robots\" content=\"index, follow, max-snippet:-1, max-image-preview:large, max-video-preview:-1\" \/>\n<link rel=\"canonical\" href=\"https:\/\/ceofrance-international.org\/index.php\/news-2\/\" \/>\n<meta property=\"og:locale\" content=\"fr_FR\" \/>\n<meta property=\"og:type\" content=\"article\" \/>\n<meta property=\"og:title\" content=\"News - ceofrance-international.org\" \/>\n<meta property=\"og:description\" content=\"04-11-2025: Ajout de l&rsquo;article \u00ab\u00a0COMMENT ENTRER EN CONTACT AVEC LES EXTRATERRESTRES\u00a0\u00bb \u00c0 la page \u00ab\u00a0Divers\u00a0\u00bb 11-04-2025: Ajout du bulletin n\u00b04 \u00e0 la page: Documentations 21-02-2025: Ajout de quelques ouvrages \u00e0 la rubrique Genevi\u00e8ve Vanquelef de la page Documentations 16-10-2024: Ajout de la page \u00ab\u00a0Divers\u00a0\u00bb 29-09-2024: Ajout du bulletin n\u00b03 \u00e0 la page: Documentations 17-08-2024: Ajout [&hellip;]\" \/>\n<meta property=\"og:url\" content=\"https:\/\/ceofrance-international.org\/index.php\/news-2\/\" \/>\n<meta property=\"og:site_name\" content=\"ceofrance-international.org\" \/>\n<meta property=\"article:modified_time\" content=\"2025-11-04T04:43:18+00:00\" \/>\n<meta name=\"twitter:card\" content=\"summary_large_image\" \/>\n<meta name=\"twitter:label1\" content=\"Dur\u00e9e de lecture est.\" \/>\n\t<meta name=\"twitter:data1\" content=\"2 minutes\" \/>\n<script type=\"application\/ld+json\" class=\"yoast-schema-graph\">{\"@context\":\"https:\\\/\\\/schema.org\",\"@graph\":[{\"@type\":\"WebPage\",\"@id\":\"https:\\\/\\\/ceofrance-international.org\\\/index.php\\\/news-2\\\/\",\"url\":\"https:\\\/\\\/ceofrance-international.org\\\/index.php\\\/news-2\\\/\",\"name\":\"News - ceofrance-international.org\",\"isPartOf\":{\"@id\":\"https:\\\/\\\/ceofrance-international.org\\\/#website\"},\"datePublished\":\"2024-02-06T15:48:08+00:00\",\"dateModified\":\"2025-11-04T04:43:18+00:00\",\"breadcrumb\":{\"@id\":\"https:\\\/\\\/ceofrance-international.org\\\/index.php\\\/news-2\\\/#breadcrumb\"},\"inLanguage\":\"fr-BE\",\"potentialAction\":[{\"@type\":\"ReadAction\",\"target\":[\"https:\\\/\\\/ceofrance-international.org\\\/index.php\\\/news-2\\\/\"]}]},{\"@type\":\"BreadcrumbList\",\"@id\":\"https:\\\/\\\/ceofrance-international.org\\\/index.php\\\/news-2\\\/#breadcrumb\",\"itemListElement\":[{\"@type\":\"ListItem\",\"position\":1,\"name\":\"Accueil\",\"item\":\"https:\\\/\\\/ceofrance-international.org\\\/\"},{\"@type\":\"ListItem\",\"position\":2,\"name\":\"News\"}]},{\"@type\":\"WebSite\",\"@id\":\"https:\\\/\\\/ceofrance-international.org\\\/#website\",\"url\":\"https:\\\/\\\/ceofrance-international.org\\\/\",\"name\":\"ceofrance-international.org\",\"description\":\"OVNI, Extraterrestre, Alien, Enlevement, UFO, contact\",\"potentialAction\":[{\"@type\":\"SearchAction\",\"target\":{\"@type\":\"EntryPoint\",\"urlTemplate\":\"https:\\\/\\\/ceofrance-international.org\\\/?s={search_term_string}\"},\"query-input\":{\"@type\":\"PropertyValueSpecification\",\"valueRequired\":true,\"valueName\":\"search_term_string\"}}],\"inLanguage\":\"fr-BE\"}]}<\/script>\n<!-- \/ Yoast SEO plugin. -->","yoast_head_json":{"title":"News - ceofrance-international.org","robots":{"index":"index","follow":"follow","max-snippet":"max-snippet:-1","max-image-preview":"max-image-preview:large","max-video-preview":"max-video-preview:-1"},"canonical":"https:\/\/ceofrance-international.org\/index.php\/news-2\/","og_locale":"fr_FR","og_type":"article","og_title":"News - ceofrance-international.org","og_description":"04-11-2025: Ajout de l&rsquo;article \u00ab\u00a0COMMENT ENTRER EN CONTACT AVEC LES EXTRATERRESTRES\u00a0\u00bb \u00c0 la page \u00ab\u00a0Divers\u00a0\u00bb 11-04-2025: Ajout du bulletin n\u00b04 \u00e0 la page: Documentations 21-02-2025: Ajout de quelques ouvrages \u00e0 la rubrique Genevi\u00e8ve Vanquelef de la page Documentations 16-10-2024: Ajout de la page \u00ab\u00a0Divers\u00a0\u00bb 29-09-2024: Ajout du bulletin n\u00b03 \u00e0 la page: Documentations 17-08-2024: Ajout [&hellip;]","og_url":"https:\/\/ceofrance-international.org\/index.php\/news-2\/","og_site_name":"ceofrance-international.org","article_modified_time":"2025-11-04T04:43:18+00:00","twitter_card":"summary_large_image","twitter_misc":{"Dur\u00e9e de lecture est.":"2 minutes"},"schema":{"@context":"https:\/\/schema.org","@graph":[{"@type":"WebPage","@id":"https:\/\/ceofrance-international.org\/index.php\/news-2\/","url":"https:\/\/ceofrance-international.org\/index.php\/news-2\/","name":"News - ceofrance-international.org","isPartOf":{"@id":"https:\/\/ceofrance-international.org\/#website"},"datePublished":"2024-02-06T15:48:08+00:00","dateModified":"2025-11-04T04:43:18+00:00","breadcrumb":{"@id":"https:\/\/ceofrance-international.org\/index.php\/news-2\/#breadcrumb"},"inLanguage":"fr-BE","potentialAction":[{"@type":"ReadAction","target":["https:\/\/ceofrance-international.org\/index.php\/news-2\/"]}]},{"@type":"BreadcrumbList","@id":"https:\/\/ceofrance-international.org\/index.php\/news-2\/#breadcrumb","itemListElement":[{"@type":"ListItem","position":1,"name":"Accueil","item":"https:\/\/ceofrance-international.org\/"},{"@type":"ListItem","position":2,"name":"News"}]},{"@type":"WebSite","@id":"https:\/\/ceofrance-international.org\/#website","url":"https:\/\/ceofrance-international.org\/","name":"ceofrance-international.org","description":"OVNI, Extraterrestre, Alien, Enlevement, UFO, contact","potentialAction":[{"@type":"SearchAction","target":{"@type":"EntryPoint","urlTemplate":"https:\/\/ceofrance-international.org\/?s={search_term_string}"},"query-input":{"@type":"PropertyValueSpecification","valueRequired":true,"valueName":"search_term_string"}}],"inLanguage":"fr-BE"}]}},"_links":{"self":[{"href":"https:\/\/ceofrance-international.org\/index.php\/wp-json\/wp\/v2\/pages\/501","targetHints":{"allow":["GET"]}}],"collection":[{"href":"https:\/\/ceofrance-international.org\/index.php\/wp-json\/wp\/v2\/pages"}],"about":[{"href":"https:\/\/ceofrance-international.org\/index.php\/wp-json\/wp\/v2\/types\/page"}],"author":[{"embeddable":true,"href":"https:\/\/ceofrance-international.org\/index.php\/wp-json\/wp\/v2\/users\/1"}],"replies":[{"embeddable":true,"href":"https:\/\/ceofrance-international.org\/index.php\/wp-json\/wp\/v2\/comments?post=501"}],"version-history":[{"count":25,"href":"https:\/\/ceofrance-international.org\/index.php\/wp-json\/wp\/v2\/pages\/501\/revisions"}],"predecessor-version":[{"id":967,"href":"https:\/\/ceofrance-international.org\/index.php\/wp-json\/wp\/v2\/pages\/501\/revisions\/967"}],"wp:attachment":[{"href":"https:\/\/ceofrance-international.org\/index.php\/wp-json\/wp\/v2\/media?parent=501"}],"curies":[{"name":"wp","href":"https:\/\/api.w.org\/{rel}","templated":true}]}}