{"id":537,"date":"2024-02-20T16:26:59","date_gmt":"2024-02-20T15:26:59","guid":{"rendered":"https:\/\/ceofrance-international.org\/?page_id=537"},"modified":"2025-02-21T09:19:13","modified_gmt":"2025-02-21T08:19:13","slug":"genevieve-vanquelef","status":"publish","type":"page","link":"https:\/\/ceofrance-international.org\/index.php\/genevieve-vanquelef\/","title":{"rendered":"Genevi\u00e8ve VANQUELEF"},"content":{"rendered":"\n<p>Ci-dessous quelques ouvrages de Genevi\u00e8ve VANQUELEF devenu introuvable.<\/p>\n\n\n\n<p>01 &#8211; <a href=\"https:\/\/ceofrance-international.org\/wp-content\/uploads\/2025\/02\/OVNI_Experimentations_tres_speciales.pdf\">OVNI EXP\u00c9RIMENTATIONS TR\u00c8S SP\u00c9CIALES<\/a> Premier livre fran\u00e7ais sur les rencontres et les enl\u00e8vements par les objets volants non identifi\u00e9s.<\/p>\n\n\n\n<p><a href=\"https:\/\/filedn.eu\/l7aEieoebTAp9TW303LKGXy\/Genevieve%20Vanquelef\/Invasion%20secrete%20n%C2%B01.pdf\">04 &#8211; INVASION SECR\u00c8TE n\u00b01 :<\/a><br>Invasion massive des aliens. Des \u00eatres venus d&rsquo;ailleurs ont envahi subrepticement la Terre\u2026 Les gouvernements le savent, mais refusent de l&rsquo;admettre. Certains interviennent non seulement sur l&rsquo;esp\u00e8ce humaine, mais dans la vie m\u00eame des individus.<br>250 pages<\/p>\n\n\n\n<p><a href=\"https:\/\/filedn.eu\/l7aEieoebTAp9TW303LKGXy\/Genevieve%20Vanquelef\/Dossiers%20brulants%20inedits.pdf\">06 &#8211; DOSSIERS BR\u00dbLANTS INCONNUS :<\/a><br>Exp\u00e9rimentations sp\u00e9ciales par les gris\u2026 Nouveaut\u00e9s sur les implants\u2026 Occultistes et services secrets\u2026 Et autres sujets aussi passionnants.<br>150 pages<\/p>\n\n\n\n<p><a href=\"https:\/\/filedn.eu\/l7aEieoebTAp9TW303LKGXy\/Genevieve%20Vanquelef\/Les_enquetes_du_policier_anglais_Tony_Dodd.pdf\">10 \u2013 LES ENQU\u00caTES DU POLICIER ANGLAIS TONY DODD :<\/a><br>Et d&rsquo;autres\u2026 Mutilations animales, enl\u00e8vements et pas aux \u00c9tats-Unis, mais en Angleterre.<br>62 pages.<\/p>\n\n\n\n<p><a href=\"https:\/\/filedn.eu\/l7aEieoebTAp9TW303LKGXy\/Genevieve%20Vanquelef\/Deux_histoires_d'enlevements_bien_documentes.pdf\">11 \u2013 DEUX HISTOIRES D\u2019ENL\u00c8VEMENT BIEN DOCUMENT\u00c9S :<\/a><br>D&rsquo;apr\u00e8s la traduction de deux livres, le premier d&rsquo;Anne Andrews, qui relate les p\u00e9rip\u00e9ties au sein de sa famille, le second, raconte un acharnement alien particuli\u00e8rement agressif, aux USA, d&rsquo;apr\u00e8s Constance Clear.<\/p>\n\n\n\n<p>15-<a href=\"https:\/\/ceofrance-international.org\/wp-content\/uploads\/2025\/02\/Les_rescapes_de_Montauk.pdf\">LES RESCAP\u00c9S DE MONTAUK<\/a> Toutes les informations sur la fameuse base de Montauk (Long Island .USA.) o\u00f9 de fantastiques exp\u00e9rimentations ont eu lieu , \u00e0 la suite de l&rsquo;Exp\u00e9rience de Philadelphie en 1943 manipulation de la pens\u00e9e, voyages dans le pass\u00e9, le futur&#8230;Mais des homme ont \u00e9t\u00e9 perdus dans le tunnel du temps.<\/p>\n\n\n\n<p><a href=\"https:\/\/filedn.eu\/l7aEieoebTAp9TW303LKGXy\/Genevieve%20Vanquelef\/Clins%20d'oeil%20sur%20d'autres%20realites.pdf\">19 &#8211; EXTRAITS de : \u00ab clins d\u2019\u0153il sur d&rsquo;autres r\u00e9alit\u00e9s \u00bb :<\/a><br>Nombreux extraits du livre de la c\u00e9l\u00e8bre chroniqueuse am\u00e9ricaine : Linda Moulton-Hoove. Intr\u00e9pidement, elle enqu\u00eate sur les mutilations animales inexpliqu\u00e9es de son pays, sur les enl\u00e8vements, les myst\u00e9rieux crop-circles, etc\u2026<br>195 pages.<\/p>\n\n\n\n<p><a href=\"https:\/\/filedn.eu\/l7aEieoebTAp9TW303LKGXy\/Genevieve%20Vanquelef\/Steward%20swerdlow%20et%20les%20aliens.pdf\">22 &#8211; STEWARD SWERDLOW ET LES ALIENS<\/a> D&rsquo;apr\u00e8s le livre \u00ab Alien Connection \u00bb de l&rsquo;un des plus \u00e9tranges \u00ab gar\u00e7on de Montauk Qui fut manipul\u00e9, manipulateur, et v\u00e9cut certaines exp\u00e9riences excessivement traumatisantes et d&rsquo;autres, exaltantes. En particulier, il a \u00e9t\u00e9 renvoy\u00e9 dans le pass\u00e9 au temps du Christ.<\/p>\n\n\n\n<p>23 &#8211; <a title=\"\" href=\"https:\/\/ceofrance-international.org\/wp-content\/uploads\/2024\/02\/Le-voyage-dans-le-temps-n\u00b01-i.pdf\"><\/a><a href=\"https:\/\/ceofrance-international.org\/wp-content\/uploads\/2025\/02\/Le-voyage-dans-le-temps-n\u00b01.pdf\">LE VOYAGE DANS LE TEMPS N\u00b0<\/a>1 Suite \u00e0 l&rsquo;exp\u00e9rience de Philadelphie en 1943, une br\u00e8che fut ouverte dans le temps \u00e0 Montauk &#8230;Des exp\u00e9rimentations de tout calibre suivirent pendant des ann\u00e9es&#8230; Des participants t\u00e9moignent&#8230; Cela d\u00e9passe I&rsquo; imagination<\/p>\n\n\n\n<p>24 &#8211; <a href=\"https:\/\/ceofrance-international.org\/wp-content\/uploads\/2025\/02\/Le-voyage-dans-le-temps-n\u00b02.pdf\">LE VOYAGE DANS LE TEMPS N\u00b02<\/a> La manipulation du temps a continu\u00e9 et continue toujours malgr\u00e9 les exp\u00e9riences malheureuses et les exp\u00e9rimentations p\u00e9nibles&#8230; Certains alien aident \u00e0 la recherche, d&rsquo; autres en profitent.<\/p>\n\n\n\n<p>25 &#8211; <a href=\"https:\/\/ceofrance-international.org\/wp-content\/uploads\/2024\/04\/Incident-a-fort-Benning.pdf\" title=\"\">INCIDENT \u00c0 FORT BENNING<\/a>  Traduction int\u00e9grale du livre de John Vasquez, qui raconte lui-m\u00eame son aventure. Histoire ahurissante de l&rsquo;interaction d&rsquo;un OVNI devant 300 militaires sur une base des \u00c9tats-Unis . Tous ont subi un lavage de cerveau, mais peu \u00e0 peu la m\u00e9moire revient<\/p>\n\n\n\n<p><a href=\"https:\/\/filedn.eu\/l7aEieoebTAp9TW303LKGXy\/Genevieve%20Vanquelef\/Le_jour_apres_Roswell.pdf\">26 &#8211; LE JOUR APR\u00c8S ROSWELL :<\/a><br>Seule traduction fran\u00e7aise du fameux livre du Colonel Corso, qui fut le directeur du d\u00e9partement de la technologie au sein de la D\u00e9fense des USA. Il vit des choses \u00e9tonnantes et il raconte, peu avant sa mort.<br>215 pages.<\/p>\n\n\n\n<p>27 &#8211; <a href=\"https:\/\/ceofrance-international.org\/wp-content\/uploads\/2024\/04\/1997-du-nouveau-sur-Roswell.pdf\" title=\"\">DU NOUVEAU SUR ROSWELL<\/a>  \u00c9tudes et documents sur le cas du plus c\u00e9l\u00e8bre crash du vaisseau spatial en juillet 1947, pr\u00e8s de la petite ville de Roswell, au nouveau-Mexique. USA. Compilation des livres les plus int\u00e9ressants sur la question.<\/p>\n\n\n\n<p>29 &#8211; <a href=\"https:\/\/ceofrance-international.org\/wp-content\/uploads\/2024\/04\/WINGMAKERS-les-createurs-dailes-1.pdf\" title=\"\">WINGMAKERS LES CR\u00c9ATEURS D&rsquo;AILES 1<\/a>  Traduction int\u00e9grale des d\u00e9couvertes arch\u00e9ologiques sur le territoire nomm\u00e9 \u00ab Ancient Arrow \u00bbau Nouveau-Mexique. Les Wingmakers ,hommes de notre futur, auraient \u00e9tabli ces vestiges au 8\u00e8me si\u00e8cle avec des techniques futuristes. Premiers textes d\u00e9cod\u00e9s et mis sur Internet en 1998<\/p>\n\n\n\n<p>30 &#8211; <a href=\"https:\/\/ceofrance-international.org\/wp-content\/uploads\/2024\/02\/WINGMAKERS-les-createurs-dailes-2-i.pdf\" title=\"\"><\/a><a href=\"https:\/\/ceofrance-international.org\/wp-content\/uploads\/2024\/04\/WINGMAKERS-les-createurs-dailes-2.pdf\" title=\"\">WINGMAKERS LES CR\u00c9ATEURS D&rsquo;AILES<\/a> 2  Suite des textes, po\u00e8mes et photos des peintures d\u00e9pos\u00e9es par les Wingmakers. L&rsquo;ensemble est destin\u00e9 \u00e0 ouvrir l&rsquo;esprit des hommes et \u00e0 changer peut-\u00eatre la ligne du temps qui a conduit au futur v\u00e9cu par les Wingmakers<\/p>\n\n\n\n<p>33 &#8211; <a href=\"https:\/\/ceofrance-international.org\/wp-content\/uploads\/2024\/04\/Les-enfants-du-cosmos.pdf\" title=\"\">LES ENFANTS DU COSMOS<\/a>  Certains enlev\u00e9s racontaient que leurs enfants avaient subi des manipulations g\u00e9n\u00e9tiques ou que des aliens leur avaient pr\u00e9sent\u00e9 des \u00ab\u00a0hybrides\u00a0\u00bb : mi-aliens, mi-humains, n\u00e9s de leurs ovules ou spermatozo\u00efdes. Un livre r\u00e9cent : \u00ab\u00a0Les yeux de Rachel,\u00a0\u00bb nous apporte un t\u00e9moignage ahurissant, men\u00e9 par les militaires US et les gris, sur le projet HUMANISATION.<\/p>\n\n\n\n<p>36 &#8211; <a href=\"https:\/\/ceofrance-international.org\/wp-content\/uploads\/2024\/04\/Les-invites-alien-du-gouvernement-americain.pdf\" title=\"\">LES INVIT\u00c9S ALIEN DU GOUVERNEMENT AM\u00c9RICAIN<\/a>  H\u00f4tes forc\u00e9s, h\u00f4tes consentants&#8230; plusieurs extraterrestres ont v\u00e9cu ou vivent encore pr\u00e8s du Pentagone, aussi incroyable que cela paraisse. Des t\u00e9moins les ont rencontr\u00e9s et certains scientifiques racontent leurs contacts journaliers avec certains d&rsquo;entre eux<\/p>\n\n\n\n<p><a href=\"https:\/\/filedn.eu\/l7aEieoebTAp9TW303LKGXy\/Genevieve%20Vanquelef\/Les%20reptiliens%20intraterrestres-1.pdf\">39 \u2013 LES REPTILIENS INTRATERRESTRES &#8211; 1 :<\/a><br>Th\u00e8se de David Icke, confirm\u00e9e, pr\u00e9cis\u00e9e par d&rsquo;autres documents. (document Lacerti-;.-r\u00e9v\u00e9lations sur cette esp\u00e8ce vivant sur Terre depuis des mill\u00e9naires.etc\u2026).<br>185 pages.<\/p>\n\n\n\n<p>41 &#8211; <a href=\"https:\/\/ceofrance-international.org\/wp-content\/uploads\/2024\/04\/Les-guerres-de-Dulce.pdf\" title=\"\">LES GUERRES DE DULCE<\/a>  Une de ces bases ,o\u00f9 se fabrique la technologie de demain, mais aussi o\u00f9 se produit les pires manipulations de l&rsquo;esprit et les exp\u00e9rimentations les plus odieuses . Cependant certains se r\u00e9voltent.<\/p>\n\n\n\n<p>42 &#8211; <a href=\"https:\/\/ceofrance-international.org\/wp-content\/uploads\/2024\/04\/Temoignages-militaires.pdf\" title=\"\">T\u00c9MOIGNAGES MILITAIRES<\/a>  De nombreux officiers militaires ou anciens membres des services secrets attestent des observations, des actions sur l&rsquo;arsenal militaire des USA et d&rsquo;ailleurs, des accidents d&rsquo;OVNI&#8230; le livre qui PROUVE la pr\u00e9sence des Extraterrestres.<\/p>\n\n\n\n<p>43 &#8211; <a href=\"https:\/\/ceofrance-international.org\/wp-content\/uploads\/2024\/04\/Les-ambassadeurs.pdf\" title=\"\">LES AMBASSADEURS<\/a>  \u00catres d&rsquo;apparence humaine qui servent les aliens. On rencontre de plus en plus de personnes physiquement humaines, vivant sur Terre, qui interf\u00e8rent dans la vie des enlev\u00e9s. Ils se diff\u00e9rencient par certaines facult\u00e9s \u00e9tranges et leurs liens \u00e9troits avec les occupants d&rsquo;OVNI. Ce livre est une synth\u00e8se de plusieurs ouvrages anglais, en particulier: \u00ab\u00a0Sight and unseen\u00a0\u00bb, dernier-n\u00e9 de Budd Hopkins, et de \u00ab\u00a0The truth about alien abductions\u00a0\u00bb de Peter Hough.<\/p>\n\n\n\n<p>44 &#8211; <a href=\"https:\/\/ceofrance-international.org\/wp-content\/uploads\/2024\/04\/Guerre-entre-gris-et-terriens.pdf\" title=\"\">GUERRE ENTRE GRIS ET TERRIENS<\/a>  D&rsquo;abord alli\u00e9s, rien ne va plus entre certains gris et les hommes. Depuis 1984, des escarmouches se produisent r\u00e9guli\u00e8rement, et on pense qu&rsquo;un affrontement plus s\u00e9rieux existe dans l&rsquo;espace. La \u00ab\u00a0guerre des \u00e9toiles\u00a0\u00bb existe bel et bien.<\/p>\n\n\n\n<p>51 &#8211; <a href=\"https:\/\/ceofrance-international.org\/wp-content\/uploads\/2024\/04\/Le-projet-looking-glass.pdf\" title=\"\">LE PROJET LOOKING-GLASS<\/a>  Dans les laboratoires secrets du Nevada, un appareil aux propri\u00e9t\u00e9s \u00e9tranges a \u00e9t\u00e9 construit et miniaturis\u00e9 \u00e0 partir de 1970. Son nom est tir\u00e9 du livre :\u00ab Alice au pays des merveilles \u00bb et veut dire, ce que l&rsquo;on peut voir de l&rsquo;autre c\u00f4t\u00e9 du miroir. Cette technique concerne aussi bien le temps : pass\u00e9 ou futur, que les mondes parall\u00e8les, et le voyage spatial. Le Gouvernement mondial s&rsquo;en sert-il pour influencer le destin de l&rsquo;humanit\u00e9 ?<\/p>\n\n\n\n<p>52 &#8211; <a href=\"https:\/\/ceofrance-international.org\/wp-content\/uploads\/2024\/04\/Base-Allemande-en-Antartique.pdf\" title=\"\">BASE ALLEMANDE EN ANTARTIQUE<\/a>  Les rumeurs d&rsquo;une base nazie secr\u00e8te construite sous les glaces de l&rsquo;Antarctique pendant la seconde guerre mondiale, n&rsquo; ont cess\u00e9 d&rsquo;alimenter les recherches sur les \u00e9nigmes du monde . De nouvel les informations cr\u00e9dibilisent cette \u00e9ventualit\u00e9 et apportent un \u00e9clairage nouveau sur de nombreux cas d&rsquo;OVNI c\u00e9l\u00e8bres.<\/p>\n\n\n\n<p>54 &#8211; <a href=\"https:\/\/ceofrance-international.org\/wp-content\/uploads\/2024\/04\/Presence-des-Anunnaki-et-des-Wingmakers.pdf\" title=\"\">PR\u00c9SENCE DES ANUNNAKI ET DES WINGMAKERS<\/a>  De nouveaux documents passionnants sur l&rsquo;actualit\u00e9 des Anunnaki , leur histoire, leurs projets et sur les peuples am\u00e9rindiens, h\u00e9ritiers d&rsquo;une partie de leurs connaissances. On retrouve \u00e9galement les WingMakers, qui se manifestent \u00e0 nouveau, par un merveilleux message, dix ans apr\u00e8s leur premi\u00e8re intervention. Ils nous parlent de ce qui vient&#8230;<\/p>\n\n\n\n<p>55 &#8211; <a href=\"https:\/\/ceofrance-international.org\/wp-content\/uploads\/2024\/03\/Programmations-tres-speciales.pdf\" title=\"\">PROGRAMMATIONS TR\u00c8S SP\u00c9CIALES<\/a>  Les \u00ab soldats-tueurs \u00bb sont issus du programme sp\u00e9cial secret MK ULTRA, effectu\u00e9 aux USA sur des enfants. Duncan O&rsquo; Finian fut l&rsquo;un d&rsquo;entre eux, dans les ann\u00e9es 60. Son r\u00e9cit r\u00e9voltant, ainsi que d&rsquo;autres t\u00e9moignages.<\/p>\n\n\n\n<p><a href=\"https:\/\/filedn.eu\/l7aEieoebTAp9TW303LKGXy\/Genevieve%20Vanquelef\/Contact%20collectif.pdf\">56 \u2013 CONTACT COLLECTIF :<\/a><br>Traduction presque compl\u00e8te du livre de Stefano Breccia, qui raconte l&rsquo;histoire de<br>groupes d&rsquo;ET ayant s\u00e9journ\u00e9 en Italie, en Allemagne, en Suisse, en Autriche, dans les ann\u00e9es 60 et 70.<br>Des centaines de t\u00e9moins les ont rencontr\u00e9s, les ont aid\u00e9s, ont v\u00e9cu pr\u00e8s d&rsquo;eux.<br>140 pages + commentaires de G. Vanquelef 40 pages<\/p>\n\n\n\n<p>57 &#8211; <a href=\"https:\/\/ceofrance-international.org\/wp-content\/uploads\/2024\/04\/LHydre.pdf\" title=\"\">L&rsquo;HYDRE<\/a>  On dit qu&rsquo;un groupe \u00e9litiste dirige en secret la plan\u00e8te et essaie d&rsquo;instaurer un gouvernement mondial dictatorial. Sait-on que groupe fameux a infiltr\u00e9 toutes les grandes religions, les grandes organisations mondiales, les groupements humanitaires etc&#8230; comme une hydre g\u00e9ante ? Des projets sinistres comme MK ULTRA, MONARCH, TALENT et autres ont contribu\u00e9 \u00e0 programmer des enfants, en vue de cr\u00e9er des \u00ab esclaves ob\u00e9issants \u00bb, qui \u00e0 leur tour, en programment d&rsquo;autres. Conspirationnisme ? Non, car des \u00ab repentis \u00bb fiables commencent \u00e0 parler, au p\u00e9ril de leur vie.<\/p>\n","protected":false},"excerpt":{"rendered":"<p>Ci-dessous quelques ouvrages de Genevi\u00e8ve VANQUELEF devenu introuvable. 01 &#8211; OVNI EXP\u00c9RIMENTATIONS TR\u00c8S SP\u00c9CIALES Premier livre fran\u00e7ais sur les rencontres et les enl\u00e8vements par les objets volants non identifi\u00e9s. 04 &#8211; INVASION SECR\u00c8TE n\u00b01 :Invasion massive des aliens. Des \u00eatres venus d&rsquo;ailleurs ont envahi subrepticement la Terre\u2026 Les gouvernements le savent, mais refusent de l&rsquo;admettre. [&hellip;]<\/p>\n","protected":false},"author":1,"featured_media":0,"parent":0,"menu_order":0,"comment_status":"closed","ping_status":"closed","template":"","meta":{"footnotes":""},"class_list":["post-537","page","type-page","status-publish","hentry"],"yoast_head":"<!-- This site is optimized with the Yoast SEO plugin v27.5 - https:\/\/yoast.com\/product\/yoast-seo-wordpress\/ -->\n<title>Genevi\u00e8ve VANQUELEF - ceofrance-international.org<\/title>\n<meta name=\"robots\" content=\"index, follow, max-snippet:-1, max-image-preview:large, max-video-preview:-1\" \/>\n<link rel=\"canonical\" href=\"https:\/\/ceofrance-international.org\/index.php\/genevieve-vanquelef\/\" \/>\n<meta property=\"og:locale\" content=\"fr_FR\" \/>\n<meta property=\"og:type\" content=\"article\" \/>\n<meta property=\"og:title\" content=\"Genevi\u00e8ve VANQUELEF - ceofrance-international.org\" \/>\n<meta property=\"og:description\" content=\"Ci-dessous quelques ouvrages de Genevi\u00e8ve VANQUELEF devenu introuvable. 01 &#8211; OVNI EXP\u00c9RIMENTATIONS TR\u00c8S SP\u00c9CIALES Premier livre fran\u00e7ais sur les rencontres et les enl\u00e8vements par les objets volants non identifi\u00e9s. 04 &#8211; INVASION SECR\u00c8TE n\u00b01 :Invasion massive des aliens. Des \u00eatres venus d&rsquo;ailleurs ont envahi subrepticement la Terre\u2026 Les gouvernements le savent, mais refusent de l&rsquo;admettre. [&hellip;]\" \/>\n<meta property=\"og:url\" content=\"https:\/\/ceofrance-international.org\/index.php\/genevieve-vanquelef\/\" \/>\n<meta property=\"og:site_name\" content=\"ceofrance-international.org\" \/>\n<meta property=\"article:modified_time\" content=\"2025-02-21T08:19:13+00:00\" \/>\n<meta name=\"twitter:card\" content=\"summary_large_image\" \/>\n<meta name=\"twitter:label1\" content=\"Dur\u00e9e de lecture est.\" \/>\n\t<meta name=\"twitter:data1\" content=\"7 minutes\" \/>\n<script type=\"application\/ld+json\" class=\"yoast-schema-graph\">{\"@context\":\"https:\\\/\\\/schema.org\",\"@graph\":[{\"@type\":\"WebPage\",\"@id\":\"https:\\\/\\\/ceofrance-international.org\\\/index.php\\\/genevieve-vanquelef\\\/\",\"url\":\"https:\\\/\\\/ceofrance-international.org\\\/index.php\\\/genevieve-vanquelef\\\/\",\"name\":\"Genevi\u00e8ve VANQUELEF - ceofrance-international.org\",\"isPartOf\":{\"@id\":\"https:\\\/\\\/ceofrance-international.org\\\/#website\"},\"datePublished\":\"2024-02-20T15:26:59+00:00\",\"dateModified\":\"2025-02-21T08:19:13+00:00\",\"breadcrumb\":{\"@id\":\"https:\\\/\\\/ceofrance-international.org\\\/index.php\\\/genevieve-vanquelef\\\/#breadcrumb\"},\"inLanguage\":\"fr-BE\",\"potentialAction\":[{\"@type\":\"ReadAction\",\"target\":[\"https:\\\/\\\/ceofrance-international.org\\\/index.php\\\/genevieve-vanquelef\\\/\"]}]},{\"@type\":\"BreadcrumbList\",\"@id\":\"https:\\\/\\\/ceofrance-international.org\\\/index.php\\\/genevieve-vanquelef\\\/#breadcrumb\",\"itemListElement\":[{\"@type\":\"ListItem\",\"position\":1,\"name\":\"Accueil\",\"item\":\"https:\\\/\\\/ceofrance-international.org\\\/\"},{\"@type\":\"ListItem\",\"position\":2,\"name\":\"Genevi\u00e8ve VANQUELEF\"}]},{\"@type\":\"WebSite\",\"@id\":\"https:\\\/\\\/ceofrance-international.org\\\/#website\",\"url\":\"https:\\\/\\\/ceofrance-international.org\\\/\",\"name\":\"ceofrance-international.org\",\"description\":\"OVNI, Extraterrestre, Alien, Enlevement, UFO, contact\",\"potentialAction\":[{\"@type\":\"SearchAction\",\"target\":{\"@type\":\"EntryPoint\",\"urlTemplate\":\"https:\\\/\\\/ceofrance-international.org\\\/?s={search_term_string}\"},\"query-input\":{\"@type\":\"PropertyValueSpecification\",\"valueRequired\":true,\"valueName\":\"search_term_string\"}}],\"inLanguage\":\"fr-BE\"}]}<\/script>\n<!-- \/ Yoast SEO plugin. -->","yoast_head_json":{"title":"Genevi\u00e8ve VANQUELEF - ceofrance-international.org","robots":{"index":"index","follow":"follow","max-snippet":"max-snippet:-1","max-image-preview":"max-image-preview:large","max-video-preview":"max-video-preview:-1"},"canonical":"https:\/\/ceofrance-international.org\/index.php\/genevieve-vanquelef\/","og_locale":"fr_FR","og_type":"article","og_title":"Genevi\u00e8ve VANQUELEF - ceofrance-international.org","og_description":"Ci-dessous quelques ouvrages de Genevi\u00e8ve VANQUELEF devenu introuvable. 01 &#8211; OVNI EXP\u00c9RIMENTATIONS TR\u00c8S SP\u00c9CIALES Premier livre fran\u00e7ais sur les rencontres et les enl\u00e8vements par les objets volants non identifi\u00e9s. 04 &#8211; INVASION SECR\u00c8TE n\u00b01 :Invasion massive des aliens. Des \u00eatres venus d&rsquo;ailleurs ont envahi subrepticement la Terre\u2026 Les gouvernements le savent, mais refusent de l&rsquo;admettre. [&hellip;]","og_url":"https:\/\/ceofrance-international.org\/index.php\/genevieve-vanquelef\/","og_site_name":"ceofrance-international.org","article_modified_time":"2025-02-21T08:19:13+00:00","twitter_card":"summary_large_image","twitter_misc":{"Dur\u00e9e de lecture est.":"7 minutes"},"schema":{"@context":"https:\/\/schema.org","@graph":[{"@type":"WebPage","@id":"https:\/\/ceofrance-international.org\/index.php\/genevieve-vanquelef\/","url":"https:\/\/ceofrance-international.org\/index.php\/genevieve-vanquelef\/","name":"Genevi\u00e8ve VANQUELEF - ceofrance-international.org","isPartOf":{"@id":"https:\/\/ceofrance-international.org\/#website"},"datePublished":"2024-02-20T15:26:59+00:00","dateModified":"2025-02-21T08:19:13+00:00","breadcrumb":{"@id":"https:\/\/ceofrance-international.org\/index.php\/genevieve-vanquelef\/#breadcrumb"},"inLanguage":"fr-BE","potentialAction":[{"@type":"ReadAction","target":["https:\/\/ceofrance-international.org\/index.php\/genevieve-vanquelef\/"]}]},{"@type":"BreadcrumbList","@id":"https:\/\/ceofrance-international.org\/index.php\/genevieve-vanquelef\/#breadcrumb","itemListElement":[{"@type":"ListItem","position":1,"name":"Accueil","item":"https:\/\/ceofrance-international.org\/"},{"@type":"ListItem","position":2,"name":"Genevi\u00e8ve VANQUELEF"}]},{"@type":"WebSite","@id":"https:\/\/ceofrance-international.org\/#website","url":"https:\/\/ceofrance-international.org\/","name":"ceofrance-international.org","description":"OVNI, Extraterrestre, Alien, Enlevement, UFO, contact","potentialAction":[{"@type":"SearchAction","target":{"@type":"EntryPoint","urlTemplate":"https:\/\/ceofrance-international.org\/?s={search_term_string}"},"query-input":{"@type":"PropertyValueSpecification","valueRequired":true,"valueName":"search_term_string"}}],"inLanguage":"fr-BE"}]}},"_links":{"self":[{"href":"https:\/\/ceofrance-international.org\/index.php\/wp-json\/wp\/v2\/pages\/537","targetHints":{"allow":["GET"]}}],"collection":[{"href":"https:\/\/ceofrance-international.org\/index.php\/wp-json\/wp\/v2\/pages"}],"about":[{"href":"https:\/\/ceofrance-international.org\/index.php\/wp-json\/wp\/v2\/types\/page"}],"author":[{"embeddable":true,"href":"https:\/\/ceofrance-international.org\/index.php\/wp-json\/wp\/v2\/users\/1"}],"replies":[{"embeddable":true,"href":"https:\/\/ceofrance-international.org\/index.php\/wp-json\/wp\/v2\/comments?post=537"}],"version-history":[{"count":60,"href":"https:\/\/ceofrance-international.org\/index.php\/wp-json\/wp\/v2\/pages\/537\/revisions"}],"predecessor-version":[{"id":898,"href":"https:\/\/ceofrance-international.org\/index.php\/wp-json\/wp\/v2\/pages\/537\/revisions\/898"}],"wp:attachment":[{"href":"https:\/\/ceofrance-international.org\/index.php\/wp-json\/wp\/v2\/media?parent=537"}],"curies":[{"name":"wp","href":"https:\/\/api.w.org\/{rel}","templated":true}]}}